{"id":1105,"date":"2020-01-10T09:18:05","date_gmt":"2020-01-10T09:18:05","guid":{"rendered":"https:\/\/the7.io\/clothing\/?post_type=product&#038;p=1105"},"modified":"2024-07-20T17:41:06","modified_gmt":"2024-07-20T15:41:06","slug":"vans-chaussure-hommes","status":"publish","type":"product","link":"https:\/\/woomajob.com\/shop\/produit\/vans-chaussure-hommes\/","title":{"rendered":"VANS \u2013 Chaussure Hommes"},"content":{"rendered":"<p>[vc_row][vc_column][vc_column_text]Bout rond, semelle plate en caoutchouc, languette \u00e0 logo imprim\u00e9, semelle int\u00e9rieure \u00e0 logo, contrefort \u00e0 logo.<\/p>\n<p class=\"_aa69b4\">Semelle : Caoutchouc 100%<\/p>\n<p class=\"_aa69b4\">Ext\u00e9rieur : Toile 100%, Daim 100%<\/p>\n<p class=\"_aa69b4\">Doublure : Polyester 100%<\/p>\n<p>[\/vc_column_text][\/vc_column][\/vc_row]<\/p>\n","protected":false},"excerpt":{"rendered":"<p>[vc_row][vc_column][vc_column_text]Bout rond, semelle plate en caoutchouc, languette \u00e0 logo imprim\u00e9, semelle int\u00e9rieure \u00e0 logo, contrefort \u00e0 logo. Semelle : Caoutchouc 100% Ext\u00e9rieur : Toile 100%, Daim 100% Doublure : Polyester 100% [\/vc_column_text][\/vc_column][\/vc_row]<\/p>\n","protected":false},"featured_media":55031,"comment_status":"open","ping_status":"closed","template":"","meta":{"tpgb_global_settings":""},"product_cat":[24,67,60,25],"product_tag":[],"tpgb_featured_images":{"full":["https:\/\/woomajob.com\/shop\/wp-content\/uploads\/sites\/38\/2020\/01\/dde362ef-67ea-41d7-b0bc-cde0038ceb54.jpg",1024,1024,false],"tp-image-grid":["https:\/\/woomajob.com\/shop\/wp-content\/uploads\/sites\/38\/2020\/01\/dde362ef-67ea-41d7-b0bc-cde0038ceb54-700x700.jpg",700,700,true],"thumbnail":["https:\/\/woomajob.com\/shop\/wp-content\/uploads\/sites\/38\/2020\/01\/dde362ef-67ea-41d7-b0bc-cde0038ceb54-150x150.jpg",150,150,true],"medium":["https:\/\/woomajob.com\/shop\/wp-content\/uploads\/sites\/38\/2020\/01\/dde362ef-67ea-41d7-b0bc-cde0038ceb54-300x300.jpg",300,300,true],"medium_large":["https:\/\/woomajob.com\/shop\/wp-content\/uploads\/sites\/38\/2020\/01\/dde362ef-67ea-41d7-b0bc-cde0038ceb54-768x768.jpg",768,768,true],"large":["https:\/\/woomajob.com\/shop\/wp-content\/uploads\/sites\/38\/2020\/01\/dde362ef-67ea-41d7-b0bc-cde0038ceb54.jpg",1024,1024,false],"default":"https:\/\/woomajob.com\/shop\/wp-content\/plugins\/the-plus-addons-for-block-editor\/assets\/images\/tpgb-placeholder.jpg"},"tpgb_post_meta_info":{"get_date":"10 janvier 2020","category_list":{"product_cat":[{"term_id":24,"name":"Chaussures","slug":"chaussures","term_group":0,"term_taxonomy_id":90,"taxonomy":"product_cat","description":"","parent":0,"count":6,"filter":"raw"},{"term_id":67,"name":"Chaussures de sport","slug":"chaussures-de-sport","term_group":0,"term_taxonomy_id":97,"taxonomy":"product_cat","description":"","parent":24,"count":4,"filter":"raw"},{"term_id":60,"name":"Shoes sale","slug":"shoes-sale","term_group":0,"term_taxonomy_id":91,"taxonomy":"product_cat","description":"","parent":24,"count":1,"filter":"raw"},{"term_id":25,"name":"Sneakers","slug":"sneakers","term_group":0,"term_taxonomy_id":95,"taxonomy":"product_cat","description":"","parent":24,"count":5,"filter":"raw"}],"product_tag":false},"comment_count":0,"post_likes":0,"post_views":0},"tpgb_post_category":{"product_cat":"<a href=\"https:\/\/woomajob.com\/shop\/categorie-produit\/chaussures\/\" alt=\"Chaussures\" class=\"product_cat-chaussures\">Chaussures<\/a> <a href=\"https:\/\/woomajob.com\/shop\/categorie-produit\/chaussures\/chaussures-de-sport\/\" alt=\"Chaussures de sport\" class=\"product_cat-chaussures-de-sport\">Chaussures de sport<\/a> <a href=\"https:\/\/woomajob.com\/shop\/categorie-produit\/chaussures\/shoes-sale\/\" alt=\"Shoes sale\" class=\"product_cat-shoes-sale\">Shoes sale<\/a> <a href=\"https:\/\/woomajob.com\/shop\/categorie-produit\/chaussures\/sneakers\/\" alt=\"Sneakers\" class=\"product_cat-sneakers\">Sneakers<\/a> "},"tpgb_product_data":{"price_html":"<span class=\"woocommerce-Price-amount amount\"><bdi>28000<span class=\"woocommerce-Price-currencySymbol\">CFA<\/span><\/bdi><\/span>","type":"simple","gallery":["https:\/\/woomajob.com\/shop\/wp-content\/uploads\/sites\/38\/2020\/01\/a8ed64f3-9f14-4251-86ab-cd48755e03ca.jpg",800,800,false],"category":"Chaussures","procatslug":"chaussures"},"_links":{"self":[{"href":"https:\/\/woomajob.com\/shop\/wp-json\/wp\/v2\/product\/1105"}],"collection":[{"href":"https:\/\/woomajob.com\/shop\/wp-json\/wp\/v2\/product"}],"about":[{"href":"https:\/\/woomajob.com\/shop\/wp-json\/wp\/v2\/types\/product"}],"replies":[{"embeddable":true,"href":"https:\/\/woomajob.com\/shop\/wp-json\/wp\/v2\/comments?post=1105"}],"wp:featuredmedia":[{"embeddable":true,"href":"https:\/\/woomajob.com\/shop\/wp-json\/wp\/v2\/media\/55031"}],"wp:attachment":[{"href":"https:\/\/woomajob.com\/shop\/wp-json\/wp\/v2\/media?parent=1105"}],"wp:term":[{"taxonomy":"product_cat","embeddable":true,"href":"https:\/\/woomajob.com\/shop\/wp-json\/wp\/v2\/product_cat?post=1105"},{"taxonomy":"product_tag","embeddable":true,"href":"https:\/\/woomajob.com\/shop\/wp-json\/wp\/v2\/product_tag?post=1105"}],"curies":[{"name":"wp","href":"https:\/\/api.w.org\/{rel}","templated":true}]}}