{"id":823,"date":"2020-01-01T08:46:19","date_gmt":"2020-01-01T08:46:19","guid":{"rendered":"https:\/\/the7.io\/clothing\/?post_type=product&#038;p=823"},"modified":"2024-08-07T18:20:19","modified_gmt":"2024-08-07T16:20:19","slug":"flower-shirt","status":"publish","type":"product","link":"https:\/\/woomajob.com\/shop\/produit\/flower-shirt\/","title":{"rendered":"Flower shirt"},"content":{"rendered":"<p>[vc_row][vc_column][vc_column_text]<\/p>\n<p class=\"product-intro__head-name fsp-element\" tabindex=\"0\">Woomashop Gar\u00e7on T-shirt r\u00e9fl\u00e9chissant \u00e0 motif visage dessin anim\u00e9 graphique<\/p>\n<p>100% Cotton. Machine wash.[\/vc_column_text][\/vc_column][\/vc_row]<\/p>\n","protected":false},"excerpt":{"rendered":"<p><a class=\"modal-size\" href=\"https:\/\/the7.io\/clothing\/wp-content\/uploads\/sites\/62\/2019\/12\/The7_Size_chart.pdf\" target=\"_blank\" rel=\"noopener noreferrer\">Size guide<\/a><\/p>\n","protected":false},"featured_media":54997,"comment_status":"open","ping_status":"closed","template":"","meta":{"tpgb_global_settings":""},"product_cat":[69,79,342],"product_tag":[78],"tpgb_featured_images":{"full":["https:\/\/woomajob.com\/shop\/wp-content\/uploads\/sites\/38\/2020\/01\/bf0c84a3-16da-4057-a7f6-22230350c447.jpg",868,1080,false],"tp-image-grid":["https:\/\/woomajob.com\/shop\/wp-content\/uploads\/sites\/38\/2020\/01\/bf0c84a3-16da-4057-a7f6-22230350c447-700x700.jpg",700,700,true],"thumbnail":["https:\/\/woomajob.com\/shop\/wp-content\/uploads\/sites\/38\/2020\/01\/bf0c84a3-16da-4057-a7f6-22230350c447-150x150.jpg",150,150,true],"medium":["https:\/\/woomajob.com\/shop\/wp-content\/uploads\/sites\/38\/2020\/01\/bf0c84a3-16da-4057-a7f6-22230350c447-241x300.jpg",241,300,true],"medium_large":["https:\/\/woomajob.com\/shop\/wp-content\/uploads\/sites\/38\/2020\/01\/bf0c84a3-16da-4057-a7f6-22230350c447-768x956.jpg",768,956,true],"large":["https:\/\/woomajob.com\/shop\/wp-content\/uploads\/sites\/38\/2020\/01\/bf0c84a3-16da-4057-a7f6-22230350c447-823x1024.jpg",823,1024,true],"default":"https:\/\/woomajob.com\/shop\/wp-content\/plugins\/the-plus-addons-for-block-editor\/assets\/images\/tpgb-placeholder.jpg"},"tpgb_post_meta_info":{"get_date":"1 janvier 2020","category_list":{"product_cat":[{"term_id":69,"name":"T-shirts and shirts","slug":"t-shirts-and-shirts","term_group":0,"term_taxonomy_id":104,"taxonomy":"product_cat","description":"","parent":28,"count":5,"filter":"raw"},{"term_id":79,"name":"Trend","slug":"trend","term_group":0,"term_taxonomy_id":105,"taxonomy":"product_cat","description":"","parent":28,"count":2,"filter":"raw"},{"term_id":342,"name":"v\u00eatements hommes","slug":"vetements-hommes","term_group":0,"term_taxonomy_id":125,"taxonomy":"product_cat","description":"","parent":0,"count":11,"filter":"raw"}],"product_tag":[{"term_id":78,"name":"T-shirts and shirts","slug":"t-shirts-and-shirts","term_group":0,"term_taxonomy_id":103,"taxonomy":"product_tag","description":"","parent":0,"count":3,"filter":"raw"}]},"comment_count":0,"post_likes":0,"post_views":0},"tpgb_post_category":{"product_cat":"<a href=\"https:\/\/woomajob.com\/shop\/categorie-produit\/vetements\/t-shirts-and-shirts\/\" alt=\"T-shirts and shirts\" class=\"product_cat-t-shirts-and-shirts\">T-shirts and shirts<\/a> <a href=\"https:\/\/woomajob.com\/shop\/categorie-produit\/vetements\/trend\/\" alt=\"Trend\" class=\"product_cat-trend\">Trend<\/a> <a href=\"https:\/\/woomajob.com\/shop\/categorie-produit\/vetements-hommes\/\" alt=\"v\u00eatements hommes\" class=\"product_cat-vetements-hommes\">v\u00eatements hommes<\/a> ","product_tag":"<a href=\"https:\/\/woomajob.com\/shop\/etiquette-produit\/t-shirts-and-shirts\/\" alt=\"T-shirts and shirts\" class=\"product_tag-t-shirts-and-shirts\">T-shirts and shirts<\/a> "},"tpgb_product_data":{"price_html":"<span class=\"woocommerce-Price-amount amount\"><bdi>6500<span class=\"woocommerce-Price-currencySymbol\">CFA<\/span><\/bdi><\/span>","type":"simple","gallery":["https:\/\/woomajob.com\/shop\/wp-content\/uploads\/sites\/38\/2020\/01\/51587d52-5cbc-4669-a941-3e0864e12a3d.jpg",958,1080,false],"category":"T-shirts and shirts","procatslug":"t-shirts-and-shirts"},"_links":{"self":[{"href":"https:\/\/woomajob.com\/shop\/wp-json\/wp\/v2\/product\/823"}],"collection":[{"href":"https:\/\/woomajob.com\/shop\/wp-json\/wp\/v2\/product"}],"about":[{"href":"https:\/\/woomajob.com\/shop\/wp-json\/wp\/v2\/types\/product"}],"replies":[{"embeddable":true,"href":"https:\/\/woomajob.com\/shop\/wp-json\/wp\/v2\/comments?post=823"}],"wp:featuredmedia":[{"embeddable":true,"href":"https:\/\/woomajob.com\/shop\/wp-json\/wp\/v2\/media\/54997"}],"wp:attachment":[{"href":"https:\/\/woomajob.com\/shop\/wp-json\/wp\/v2\/media?parent=823"}],"wp:term":[{"taxonomy":"product_cat","embeddable":true,"href":"https:\/\/woomajob.com\/shop\/wp-json\/wp\/v2\/product_cat?post=823"},{"taxonomy":"product_tag","embeddable":true,"href":"https:\/\/woomajob.com\/shop\/wp-json\/wp\/v2\/product_tag?post=823"}],"curies":[{"name":"wp","href":"https:\/\/api.w.org\/{rel}","templated":true}]}}