{"id":833,"date":"2020-01-01T08:53:51","date_gmt":"2020-01-01T08:53:51","guid":{"rendered":"https:\/\/the7.io\/clothing\/?post_type=product&#038;p=833"},"modified":"2024-07-11T14:54:02","modified_gmt":"2024-07-11T12:54:02","slug":"jeans-simple","status":"publish","type":"product","link":"https:\/\/woomajob.com\/shop\/produit\/jeans-simple\/","title":{"rendered":"Jeans simple"},"content":{"rendered":"<p>[vc_row][vc_column][vc_column_text]Jeans simple tr\u00e8s classe coup engles tr\u00e8s magnifique tr\u00e8s bon qualit\u00e9 aussi[\/vc_column_text][\/vc_column][\/vc_row]<\/p>\n","protected":false},"excerpt":{"rendered":"<p><a class=\"modal-size\" href=\"https:\/\/the7.io\/clothing\/wp-content\/uploads\/sites\/62\/2019\/12\/The7_Size_chart.pdf\" target=\"_blank\" rel=\"noopener noreferrer\">Size guide<\/a><\/p>\n","protected":false},"featured_media":55009,"comment_status":"open","ping_status":"closed","template":"","meta":{"tpgb_global_settings":""},"product_cat":[21,342],"product_tag":[72],"tpgb_featured_images":{"full":["https:\/\/woomajob.com\/shop\/wp-content\/uploads\/sites\/38\/2020\/01\/d49f0e49-d1cc-4460-8faf-df03219086d4.jpg",816,1080,false],"tp-image-grid":["https:\/\/woomajob.com\/shop\/wp-content\/uploads\/sites\/38\/2020\/01\/d49f0e49-d1cc-4460-8faf-df03219086d4-700x700.jpg",700,700,true],"thumbnail":["https:\/\/woomajob.com\/shop\/wp-content\/uploads\/sites\/38\/2020\/01\/d49f0e49-d1cc-4460-8faf-df03219086d4-150x150.jpg",150,150,true],"medium":["https:\/\/woomajob.com\/shop\/wp-content\/uploads\/sites\/38\/2020\/01\/d49f0e49-d1cc-4460-8faf-df03219086d4-227x300.jpg",227,300,true],"medium_large":["https:\/\/woomajob.com\/shop\/wp-content\/uploads\/sites\/38\/2020\/01\/d49f0e49-d1cc-4460-8faf-df03219086d4-768x1016.jpg",768,1016,true],"large":["https:\/\/woomajob.com\/shop\/wp-content\/uploads\/sites\/38\/2020\/01\/d49f0e49-d1cc-4460-8faf-df03219086d4-774x1024.jpg",774,1024,true],"default":"https:\/\/woomajob.com\/shop\/wp-content\/plugins\/the-plus-addons-for-block-editor\/assets\/images\/tpgb-placeholder.jpg"},"tpgb_post_meta_info":{"get_date":"1 janvier 2020","category_list":{"product_cat":[{"term_id":21,"name":"Jeans","slug":"jeans","term_group":0,"term_taxonomy_id":83,"taxonomy":"product_cat","description":"","parent":28,"count":1,"filter":"raw"},{"term_id":342,"name":"v\u00eatements hommes","slug":"vetements-hommes","term_group":0,"term_taxonomy_id":125,"taxonomy":"product_cat","description":"","parent":0,"count":11,"filter":"raw"}],"product_tag":[{"term_id":72,"name":"Coats","slug":"coats","term_group":0,"term_taxonomy_id":78,"taxonomy":"product_tag","description":"","parent":0,"count":2,"filter":"raw"}]},"comment_count":0,"post_likes":0,"post_views":0},"tpgb_post_category":{"product_cat":"<a href=\"https:\/\/woomajob.com\/shop\/categorie-produit\/vetements\/jeans\/\" alt=\"Jeans\" class=\"product_cat-jeans\">Jeans<\/a> <a href=\"https:\/\/woomajob.com\/shop\/categorie-produit\/vetements-hommes\/\" alt=\"v\u00eatements hommes\" class=\"product_cat-vetements-hommes\">v\u00eatements hommes<\/a> ","product_tag":"<a href=\"https:\/\/woomajob.com\/shop\/etiquette-produit\/coats\/\" alt=\"Coats\" class=\"product_tag-coats\">Coats<\/a> "},"tpgb_product_data":{"price_html":"<span class=\"woocommerce-Price-amount amount\"><bdi>8000<span class=\"woocommerce-Price-currencySymbol\">CFA<\/span><\/bdi><\/span>","type":"simple","gallery":["https:\/\/woomajob.com\/shop\/wp-content\/uploads\/sites\/38\/2020\/01\/c24ce302-72c9-43ba-83cd-ed67c772fe97.jpg",759,1080,false],"category":"Jeans","procatslug":"jeans"},"_links":{"self":[{"href":"https:\/\/woomajob.com\/shop\/wp-json\/wp\/v2\/product\/833"}],"collection":[{"href":"https:\/\/woomajob.com\/shop\/wp-json\/wp\/v2\/product"}],"about":[{"href":"https:\/\/woomajob.com\/shop\/wp-json\/wp\/v2\/types\/product"}],"replies":[{"embeddable":true,"href":"https:\/\/woomajob.com\/shop\/wp-json\/wp\/v2\/comments?post=833"}],"wp:featuredmedia":[{"embeddable":true,"href":"https:\/\/woomajob.com\/shop\/wp-json\/wp\/v2\/media\/55009"}],"wp:attachment":[{"href":"https:\/\/woomajob.com\/shop\/wp-json\/wp\/v2\/media?parent=833"}],"wp:term":[{"taxonomy":"product_cat","embeddable":true,"href":"https:\/\/woomajob.com\/shop\/wp-json\/wp\/v2\/product_cat?post=833"},{"taxonomy":"product_tag","embeddable":true,"href":"https:\/\/woomajob.com\/shop\/wp-json\/wp\/v2\/product_tag?post=833"}],"curies":[{"name":"wp","href":"https:\/\/api.w.org\/{rel}","templated":true}]}}